{"id":5501,"date":"2022-01-05T10:12:44","date_gmt":"2022-01-05T10:12:44","guid":{"rendered":"https:\/\/www.estiber.com\/blog\/?page_id=5501"},"modified":"2025-07-14T15:25:28","modified_gmt":"2025-07-14T13:25:28","slug":"lliurament-forfet-estiber","status":"publish","type":"page","link":"https:\/\/www.estiber.com\/blog\/lliurament-forfet-estiber\/","title":{"rendered":"Oblida&#8217;t de les cues: A\u00a0Estiber\u00a0portem el forfet al teu allotjament"},"content":{"rendered":"<p>Quan esquiem, volem aprofitar al m\u00e0xim el temps en les pistes. Que tanquen aviat i la temporada sempre es fa curta per als apassionats de l&#8217;esqu\u00ed! Qu\u00e8 et semblaria <strong>rebre el forfet quan arribes a l&#8217;hotel i aix\u00ed no haver de fer cues a les guixetes<\/strong>\u00a0de l&#8217;estaci\u00f3 d&#8217;esqu\u00ed?<\/p>\n<p>Per a ajudar-te a espr\u00e9mer al m\u00e0xim el teu viatge a la neu, a\u00a0Estiber\u00a0oferim un<strong> servei de lliurament gratis del forfet en el teu allotjament<\/strong> a Andorra, al Pirineu Catal\u00e0, al Pirineu Aragon\u00e9s i als Alps Francesos. Aqu\u00ed et deixem tots els detalls de les estacions i de com aprofitar-te d&#8217;aquest avantatge.<\/p>\n<h2>Servei exclusiu de lliurament de forfets a Andorra<\/h2>\n<p><img loading=\"lazy\" decoding=\"async\" class=\"alignnone wp-image-5494 \" src=\"https:\/\/www.estiber.com\/blog\/wp-content\/uploads\/2022\/01\/andorra-esqui.jpg\" alt=\"\" width=\"662\" height=\"441\" srcset=\"https:\/\/www.estiber.com\/blog\/wp-content\/uploads\/2022\/01\/andorra-esqui.jpg 750w, https:\/\/www.estiber.com\/blog\/wp-content\/uploads\/2022\/01\/andorra-esqui-300x200.jpg 300w, https:\/\/www.estiber.com\/blog\/wp-content\/uploads\/2022\/01\/andorra-esqui-375x250.jpg 375w, https:\/\/www.estiber.com\/blog\/wp-content\/uploads\/2022\/01\/andorra-esqui-600x400.jpg 600w\" sizes=\"auto, (max-width: 662px) 100vw, 662px\" \/><\/p>\n<p>Estiber\u00a0\u00e9s l&#8217;<strong>\u00fanica ag\u00e8ncia especialitzada en esqu\u00ed que ofereix el servei de lliurament de forfets de totes les estacions d&#8217;Andorra<\/strong>. Si et planteges<a href=\"https:\/\/www.estiber.com\/ca_ES\/ofertes-esqui-andorra\"> esquiar a Andorra<\/a>, us portarem a l&#8217;hotel el vostre forfet. Aix\u00ed que, segur que estalviareu el temps fent cua en les guixetes de les estacions d&#8217;esqu\u00ed de\u00a0Grandvalira,\u00a0Vallnord\u00a0Pal-Arinsal\u00a0i Ordino\u00a0Arcal\u00eds.<\/p>\n<ul>\n<li><a href=\"https:\/\/www.estiber.com\/ca_ES\/ofertes-esqui-grandvalira\">Grandvalira<\/a>. \u00c9s l&#8217;estaci\u00f3 d&#8217;esqu\u00ed m\u00e9s gran de tot el Pirineu. \u00c9s tot un punt de refer\u00e8ncia per als esquiadors europeus gr\u00e0cies als seus <strong>210 quil\u00f2metres esquiables<\/strong>. Hi ha un espai per a tots els gustos i p\u00fablics: des dels sectors d&#8217;Encamp i\u00a0Canillo, m\u00e9s apropiats per als debutants i fam\u00edlies, fins al\u00a0Tarter\u00a0o Grau Roig, amb pistes que s\u00f3n tota una del\u00edcia per a esquiadors avan\u00e7ats. No us perdeu l&#8217;\u00fanic\u00a0snowpark\u00a0nocturn que hi ha als Pirineus, al sector\u00a0Peretol\u00a0de\u00a0Grandvalira\u00a0Andorra.<\/li>\n<\/ul>\n<ul>\n<li><a href=\"https:\/\/www.estiber.com\/ca_ES\/ofertes-esqui-pal-arinsal\">Vallnord\u00a0Pal-Arinsal<\/a>. Una estaci\u00f3 amb una grand\u00e0ria m\u00e9s moderada per als quals fugen de les massificacions, per\u00f2 amb la garantia de<strong> bon esqu\u00ed i gran qualitat de la neu<\/strong> que ofereix sempre Andorra. Tenim <strong>dos sectors ben diferenciats<\/strong>:\u00a0Pal, ideal per a fam\u00edlies i principiants, i Arinsal, per a esquiadors i\u00a0riders\u00a0de nivell mig-alt, amb\u00a0snowpark\u00a0i pistes com \u201cLa Capa\u201d, on sentireu l&#8217;adrenalina gr\u00e0cies als seus forts pendents.<\/li>\n<\/ul>\n<ul>\n<li><a href=\"https:\/\/www.estiber.com\/ca_ES\/ofertes-esqui-ordino-arcalis\">Ordino\u00a0Arcal\u00eds<\/a>. Fins aqu\u00ed tamb\u00e9 arriba el lliurament de forfets al teu allotjament, perqu\u00e8 quan et despertis, aprofitis les 29 pistes d&#8217;esqu\u00ed de\u00a0Arcal\u00eds. Hi ha per a tots els p\u00fablics: 9 pistes verdes (una d&#8217;elles, la <strong>\u201cMegaverde\u201d, \u00e9s la m\u00e9s llarga de tots els Pirineus<\/strong> amb 8 quil\u00f2metres de recorregut), 7 pistes blaves, i per als m\u00e9s avan\u00e7ats, 11 pistes vermelles i 2 pistes negres.<\/li>\n<\/ul>\n<h2>Lliurament de forfets a l&#8217;hotel al Pirineu Catal\u00e0<\/h2>\n<p><img loading=\"lazy\" decoding=\"async\" class=\"alignnone wp-image-5274 \" src=\"https:\/\/www.estiber.com\/blog\/wp-content\/uploads\/2021\/09\/apertura-estacion-pistas-baqueira-1024x678.jpg\" alt=\"\" width=\"808\" height=\"534\" srcset=\"https:\/\/www.estiber.com\/blog\/wp-content\/uploads\/2021\/09\/apertura-estacion-pistas-baqueira-1024x678.jpg 1024w, https:\/\/www.estiber.com\/blog\/wp-content\/uploads\/2021\/09\/apertura-estacion-pistas-baqueira-300x199.jpg 300w, https:\/\/www.estiber.com\/blog\/wp-content\/uploads\/2021\/09\/apertura-estacion-pistas-baqueira-768x509.jpg 768w, https:\/\/www.estiber.com\/blog\/wp-content\/uploads\/2021\/09\/apertura-estacion-pistas-baqueira-1100x729.jpg 1100w, https:\/\/www.estiber.com\/blog\/wp-content\/uploads\/2021\/09\/apertura-estacion-pistas-baqueira-800x530.jpg 800w, https:\/\/www.estiber.com\/blog\/wp-content\/uploads\/2021\/09\/apertura-estacion-pistas-baqueira-600x398.jpg 600w, https:\/\/www.estiber.com\/blog\/wp-content\/uploads\/2021\/09\/apertura-estacion-pistas-baqueira.jpg 1280w\" sizes=\"auto, (max-width: 808px) 100vw, 808px\" \/><\/p>\n<p>Aprofita el temps al m\u00e0xim en <a href=\"https:\/\/www.estiber.com\/ca_ES\/ofertes-esqui-pirineu-catala\">esquiar al Pirineu Catal\u00e0<\/a>. Aqu\u00ed tamb\u00e9 oferim el servei gratu\u00eft de lliurament de forfets a l&#8217;hotel per als quals esquien a Baqueira Beret, a\u00a0Port\u00a0Ain\u00e9 i Espot Esqu\u00ed, i a Bo\u00ed\u00a0Ta\u00fcll\u00a0(en aquest darrer cas, el repartiment nom\u00e9s es fa per a esquiar els caps de setmana). Aix\u00f2 \u00e9s tot el que us espera en el vostre viatge a la neu a les muntanyes catalanes.<\/p>\n<ul>\n<li><a href=\"https:\/\/www.estiber.com\/ca_ES\/ofertes-esqui-baqueira-beret\">Baqueira Beret<\/a>. No et perdis l&#8217;oportunitat d&#8217;anar a les pistes de Baqueira Beret sense cues, perqu\u00e8 aqu\u00ed hi ha molt a fer: t\u00e9 un domini esquiable de <strong>167 quil\u00f2metres i 112 pistes<\/strong>, a m\u00e9s d&#8217;itineraris, tra\u00e7ats pensats per a practicar esqu\u00ed n\u00f2rdic, espai\u00a0freeride,\u00a0snowpark,\u00a0stadium\u00a0d&#8217;esl\u00e0lom\u2026 i fins a un circuit de conducci\u00f3 de neu anomenat Audi\u00a0Driving\u00a0Experience.<\/li>\n<\/ul>\n<ul>\n<li><a href=\"https:\/\/www.estiber.com\/ca_ES\/ofertes-esqui-espot\">Espot<\/a> i\u00a0<a href=\"https:\/\/www.estiber.com\/ca_ES\/ofertes-esqui-port-aine\">Port\u00a0Ain\u00e9<\/a>. No perdis l&#8217;oportunitat de con\u00e8ixer dues estacions d&#8217;esqu\u00ed amb poques aglomeracions, menys conegudes que altres del Pirineu Catal\u00e0, que les fan ideals per a aquells que<strong> busquen connectar amb la naturalesa a la recerca de tranquil\u00b7litat<\/strong>. Ofereixen 50 quil\u00f2metres esquiables amb 47 pistes amb tots els nivells de dificultat. I l&#8217;entorn, immillorable: Espot est\u00e0 en ple Parc\u00a0Nacional d&#8217;Aig\u00fcestortes i\u00a0Estany\u00a0de\u00a0Sant\u00a0Maurici.<\/li>\n<\/ul>\n<ul>\n<li><a href=\"https:\/\/www.estiber.com\/ca_ES\/ofertes-esqui-boi-taull\">Bo\u00ed\u00a0Ta\u00fcll<\/a>. La repartici\u00f3 de forfets \u00e9s <strong>\u00fanicament per a aquells que viatgin el cap de setmana<\/strong>. Aprofita el forfet a l&#8217;hotel a Bo\u00ed\u00a0Ta\u00fcll\u00a0per a descobrir les seves 550 hect\u00e0rees esquiables, on trobareu 43 pistes (9 f\u00e0cils, entre verds i blaus, i 34 dif\u00edcils, entre vermelles i negres). \u00c9s un bon dest\u00ed per als esquiadors amb una mica de nivell. A m\u00e9s, hi ha dos itineraris de\u00a0skimo\u00a0i una pista per on nom\u00e9s es pot baixar en trineu.<\/li>\n<\/ul>\n<h2>Lliurament de forfets a l&#8217;hotel al Pirineu Aragon\u00e9s<\/h2>\n<p><img loading=\"lazy\" decoding=\"async\" class=\"alignnone wp-image-5402 \" src=\"https:\/\/www.estiber.com\/blog\/wp-content\/uploads\/2021\/11\/restricciones-esqui-espana.jpg\" alt=\"\" width=\"763\" height=\"509\" srcset=\"https:\/\/www.estiber.com\/blog\/wp-content\/uploads\/2021\/11\/restricciones-esqui-espana.jpg 850w, https:\/\/www.estiber.com\/blog\/wp-content\/uploads\/2021\/11\/restricciones-esqui-espana-300x200.jpg 300w, https:\/\/www.estiber.com\/blog\/wp-content\/uploads\/2021\/11\/restricciones-esqui-espana-768x512.jpg 768w, https:\/\/www.estiber.com\/blog\/wp-content\/uploads\/2021\/11\/restricciones-esqui-espana-375x250.jpg 375w, https:\/\/www.estiber.com\/blog\/wp-content\/uploads\/2021\/11\/restricciones-esqui-espana-800x534.jpg 800w, https:\/\/www.estiber.com\/blog\/wp-content\/uploads\/2021\/11\/restricciones-esqui-espana-600x400.jpg 600w\" sizes=\"auto, (max-width: 763px) 100vw, 763px\" \/><\/p>\n<p>T&#8217;est\u00e0s plantejant <a href=\"https:\/\/www.estiber.com\/ca_ES\/ofertes-esqui-pirineu-aragones\">esquiar al Pirineu Aragon\u00e9<\/a>s? Et deixarem els forfets en la recepci\u00f3 si esquies a\u00a0Formigal-Panticosa\u00a0o a\u00a0Cerler. Dues grans opcions per a esquiar!<\/p>\n<ul>\n<li><a href=\"https:\/\/www.estiber.com\/ca_ES\/ofertes-esqui-formigal-panticosa\">Formigal-Panticosa<\/a>. Un dels millors destins d&#8217;esqu\u00ed al Pirineu Aragon\u00e9s, ara pots gaudir-ho m\u00e9s que mai gr\u00e0cies a la recollida gratis del forfet a l&#8217;hotel. La uni\u00f3 d&#8217;aquestes dues estacions d&#8217;esqu\u00ed permet <strong>gaudir d&#8217;un total de 146 pistes<\/strong>.<\/li>\n<\/ul>\n<ul>\n<li><a href=\"https:\/\/www.estiber.com\/ca_ES\/ofertes-esqui-cerler\">Cerler<\/a>. Aposta segura per a gaudir de la teva escapada a la neu: molts anys ha estat <strong>reconeguda en els\u00a0World\u00a0Ski\u00a0Awards<\/strong>. Et pots perdre per les seves 68 pistes per a tota mena de p\u00fablics i en un entorn incre\u00efble, en plena vall de Benasc, i amb molt d&#8217;ambient.<\/li>\n<\/ul>\n<h2>Lliurament de forfets a l&#8217;hotel als Alps Francesos<\/h2>\n<p><img loading=\"lazy\" decoding=\"async\" class=\"alignnone wp-image-5400 \" src=\"https:\/\/www.estiber.com\/blog\/wp-content\/uploads\/2021\/11\/covid-esquiar-restricciones.jpg\" alt=\"\" width=\"817\" height=\"614\" srcset=\"https:\/\/www.estiber.com\/blog\/wp-content\/uploads\/2021\/11\/covid-esquiar-restricciones.jpg 900w, https:\/\/www.estiber.com\/blog\/wp-content\/uploads\/2021\/11\/covid-esquiar-restricciones-300x225.jpg 300w, https:\/\/www.estiber.com\/blog\/wp-content\/uploads\/2021\/11\/covid-esquiar-restricciones-768x576.jpg 768w, https:\/\/www.estiber.com\/blog\/wp-content\/uploads\/2021\/11\/covid-esquiar-restricciones-600x450.jpg 600w, https:\/\/www.estiber.com\/blog\/wp-content\/uploads\/2021\/11\/covid-esquiar-restricciones-800x600.jpg 800w\" sizes=\"auto, (max-width: 817px) 100vw, 817px\" \/><\/p>\n<p>Un moment ideal per a <a href=\"https:\/\/www.estiber.com\/ca_ES\/ofertes-esqui-alpes\">esquiar als Alps Francesos<\/a>, envoltats de cims que sobrepassen els 4.000 metres d&#8217;altitud, \u00e9s en el pont de desembre. Molts podeu aconseguir uns dies a la feina i s\u00f3n unes dates \u00f2ptimes per a viatjar a Fran\u00e7a per diversos motius: \u00e9s festiu nom\u00e9s a Espanya, per la qual cosa les pistes d&#8217;esqu\u00ed no estan especialment massificades; \u00e9s l&#8217;inici de la temporada d&#8217;esqu\u00ed, de manera que \u00e9s possible trobar bones ofertes per a esquiar aquests dies als Alps Francesos.<\/p>\n<p>Perqu\u00e8 aprofiteu el vostre viatge al m\u00e0xim, si reserveu el viatge d&#8217;esqu\u00ed als Alps Francesos per al pont de desembre amb\u00a0Estiber, us<strong> farem lliurament del forfet i de les claus del vostre allotjament, independentment de l&#8217;hora d&#8217;arribada<\/strong>. Aix\u00ed, podreu entrar a les habitacions quan la recepci\u00f3 del teu allotjament est\u00e0 ja tancada, perqu\u00e8 apuris els teus dies de festa i agafis el cotxe o l&#8217;avi\u00f3 quan surtis de treballar.<\/p>\n<h2>En quins casos no es lliura el forfet a l&#8217;hotel i haur\u00e0s de recollir-los a guixetes?<\/h2>\n<p>No lliurarem els forfets en aquells casos en els quals la <strong>data d&#8217;entrada a l&#8217;hotel i la data de reserva sigui molt justa<\/strong> (el nombre de dies pot variar per estaci\u00f3). Fa falta un m\u00ednim de temps perqu\u00e8 els guies de\u00a0Estiber\u00a0vagin a recollir el forfet i puguin preparar el sobre per a lliurar-lo en al teu allotjament.<\/p>\n<p>Tampoc es lliuraran els forfets en aquells <strong>allotjaments que no disposin de recepci\u00f3 o un punt de recollida de claus<\/strong>, encara que s\u00f3n molt pocs, pots comprovar si un allotjament t\u00e9 repartiment de forfets al proc\u00e9s de reserva. Pots distingir aquest servei amb l&#8217;etiqueta\u00a0<img decoding=\"async\" src=\"https:\/\/www.estiber.com\/es_ES\/images\/proceso-reserva\/entrega-forfaits-esp.jpg\" \/>.<\/p>\n<h2>Com preparem el servei de lliurament de forfets a l&#8217;hotel?<\/h2>\n<p><img loading=\"lazy\" decoding=\"async\" class=\"alignnone wp-image-5499 size-full\" src=\"https:\/\/www.estiber.com\/blog\/wp-content\/uploads\/2022\/01\/guias-estiber.jpg\" alt=\"\" width=\"750\" height=\"631\" srcset=\"https:\/\/www.estiber.com\/blog\/wp-content\/uploads\/2022\/01\/guias-estiber.jpg 750w, https:\/\/www.estiber.com\/blog\/wp-content\/uploads\/2022\/01\/guias-estiber-300x252.jpg 300w, https:\/\/www.estiber.com\/blog\/wp-content\/uploads\/2022\/01\/guias-estiber-600x505.jpg 600w\" sizes=\"auto, (max-width: 750px) 100vw, 750px\" \/><\/p>\n<p>Tenim un <strong>equip de guies per les estacions d&#8217;esqu\u00ed d&#8217;Andorra<\/strong> preparant milers de sobres amb els seus corresponents forfets i repartint-los tots els dies per tots els allotjaments del pa\u00eds. Es tracta d&#8217;una feinada feta a m\u00e0 que es realitza nom\u00e9s perqu\u00e8 pugueu espr\u00e9mer al m\u00e0xim el vostre temps en les estacions d&#8217;esqu\u00ed. A la resta de zones esquiables, les estacions que col\u00b7laboren amb\u00a0Estiber\u00a0ofereixen aquest servei per als nostres clients.<\/p>\n<p>Aix\u00ed, els esquiadors no passareu per guixetes: tindreu el sobre amb els forfets que heu reservat en el mateix hotel on us allotgeu de forma completament gratu\u00efta. El trobareu a la recepci\u00f3 de l&#8217;hotel o apartament on us quedeu a dormir.<\/p>\n","protected":false},"excerpt":{"rendered":"<p>Quan esquiem, volem aprofitar al m\u00e0xim el temps en les pistes. Que tanquen aviat i la temporada sempre es fa curta per als apassionats de l&#8217;esqu\u00ed! Qu\u00e8 et semblaria rebre el forfet quan arribes a l&#8217;hotel i aix\u00ed no haver de fer cues a les guixetes\u00a0de l&#8217;estaci\u00f3 d&#8217;esqu\u00ed? Per a ajudar-te a espr\u00e9mer al m\u00e0xim <a class=\"read-more\" href=\"https:\/\/www.estiber.com\/blog\/lliurament-forfet-estiber\/\">&#8230;<\/a><\/p>\n","protected":false},"author":1,"featured_media":5493,"parent":0,"menu_order":0,"comment_status":"closed","ping_status":"closed","template":"","meta":{"footnotes":""},"class_list":["post-5501","page","type-page","status-publish","has-post-thumbnail","hentry","post","with-featured-image"],"yoast_head":"<!-- This site is optimized with the Yoast SEO plugin v27.0 - https:\/\/yoast.com\/product\/yoast-seo-wordpress\/ -->\n<title>Oblida&#039;t de les cues: A\u00a0Estiber\u00a0portem el forfet al teu allotjament<\/title>\n<meta name=\"description\" content=\"Per a ajudar-te a espr\u00e9mer al m\u00e0xim el teu viatge a la neu, a Estiber oferim un servei gratu\u00eft de lliurament del forfet al teu allotjament. Texpliquem tots els detalls!\" \/>\n<meta name=\"robots\" content=\"noindex, follow\" \/>\n<meta property=\"og:locale\" content=\"es_ES\" \/>\n<meta property=\"og:type\" content=\"article\" \/>\n<meta property=\"og:title\" content=\"Oblida&#039;t de les cues: A\u00a0Estiber\u00a0portem el forfet al teu allotjament\" \/>\n<meta property=\"og:description\" content=\"Per a ajudar-te a espr\u00e9mer al m\u00e0xim el teu viatge a la neu, a Estiber oferim un servei gratu\u00eft de lliurament del forfet al teu allotjament. Texpliquem tots els detalls!\" \/>\n<meta property=\"og:url\" content=\"https:\/\/www.estiber.com\/blog\/lliurament-forfet-estiber\/\" \/>\n<meta property=\"og:site_name\" content=\"Blog Estiber\" \/>\n<meta property=\"article:publisher\" content=\"https:\/\/www.facebook.com\/estiberviajes\" \/>\n<meta property=\"article:modified_time\" content=\"2025-07-14T13:25:28+00:00\" \/>\n<meta property=\"og:image\" content=\"https:\/\/www.estiber.com\/blog\/wp-content\/uploads\/2022\/01\/reparto-forfaits-estiber.jpg\" \/>\n\t<meta property=\"og:image:width\" content=\"750\" \/>\n\t<meta property=\"og:image:height\" content=\"500\" \/>\n\t<meta property=\"og:image:type\" content=\"image\/jpeg\" \/>\n<meta name=\"twitter:card\" content=\"summary_large_image\" \/>\n<meta name=\"twitter:site\" content=\"@estiberviajes\" \/>\n<meta name=\"twitter:label1\" content=\"Tiempo de lectura\" \/>\n\t<meta name=\"twitter:data1\" content=\"7 minutos\" \/>\n<script type=\"application\/ld+json\" class=\"yoast-schema-graph\">{\"@context\":\"https:\/\/schema.org\",\"@graph\":[{\"@type\":\"WebPage\",\"@id\":\"https:\/\/www.estiber.com\/blog\/lliurament-forfet-estiber\/\",\"url\":\"https:\/\/www.estiber.com\/blog\/lliurament-forfet-estiber\/\",\"name\":\"Oblida't de les cues: A\u00a0Estiber\u00a0portem el forfet al teu allotjament\",\"isPartOf\":{\"@id\":\"https:\/\/www.estiber.com\/blog\/#website\"},\"primaryImageOfPage\":{\"@id\":\"https:\/\/www.estiber.com\/blog\/lliurament-forfet-estiber\/#primaryimage\"},\"image\":{\"@id\":\"https:\/\/www.estiber.com\/blog\/lliurament-forfet-estiber\/#primaryimage\"},\"thumbnailUrl\":\"https:\/\/www.estiber.com\/blog\/wp-content\/uploads\/2022\/01\/reparto-forfaits-estiber.jpg\",\"datePublished\":\"2022-01-05T10:12:44+00:00\",\"dateModified\":\"2025-07-14T13:25:28+00:00\",\"description\":\"Per a ajudar-te a espr\u00e9mer al m\u00e0xim el teu viatge a la neu, a Estiber oferim un servei gratu\u00eft de lliurament del forfet al teu allotjament. Texpliquem tots els detalls!\",\"breadcrumb\":{\"@id\":\"https:\/\/www.estiber.com\/blog\/lliurament-forfet-estiber\/#breadcrumb\"},\"inLanguage\":\"es\",\"potentialAction\":[{\"@type\":\"ReadAction\",\"target\":[\"https:\/\/www.estiber.com\/blog\/lliurament-forfet-estiber\/\"]}]},{\"@type\":\"ImageObject\",\"inLanguage\":\"es\",\"@id\":\"https:\/\/www.estiber.com\/blog\/lliurament-forfet-estiber\/#primaryimage\",\"url\":\"https:\/\/www.estiber.com\/blog\/wp-content\/uploads\/2022\/01\/reparto-forfaits-estiber.jpg\",\"contentUrl\":\"https:\/\/www.estiber.com\/blog\/wp-content\/uploads\/2022\/01\/reparto-forfaits-estiber.jpg\",\"width\":750,\"height\":500},{\"@type\":\"BreadcrumbList\",\"@id\":\"https:\/\/www.estiber.com\/blog\/lliurament-forfet-estiber\/#breadcrumb\",\"itemListElement\":[{\"@type\":\"ListItem\",\"position\":1,\"name\":\"Portada\",\"item\":\"https:\/\/www.estiber.com\/blog\/\"},{\"@type\":\"ListItem\",\"position\":2,\"name\":\"Oblida&#8217;t de les cues: A\u00a0Estiber\u00a0portem el forfet al teu allotjament\"}]},{\"@type\":\"WebSite\",\"@id\":\"https:\/\/www.estiber.com\/blog\/#website\",\"url\":\"https:\/\/www.estiber.com\/blog\/\",\"name\":\"Blog Estiber\",\"description\":\"\",\"publisher\":{\"@id\":\"https:\/\/www.estiber.com\/blog\/#organization\"},\"potentialAction\":[{\"@type\":\"SearchAction\",\"target\":{\"@type\":\"EntryPoint\",\"urlTemplate\":\"https:\/\/www.estiber.com\/blog\/?s={search_term_string}\"},\"query-input\":{\"@type\":\"PropertyValueSpecification\",\"valueRequired\":true,\"valueName\":\"search_term_string\"}}],\"inLanguage\":\"es\"},{\"@type\":\"Organization\",\"@id\":\"https:\/\/www.estiber.com\/blog\/#organization\",\"name\":\"Viajes Estiber\",\"url\":\"https:\/\/www.estiber.com\/blog\/\",\"logo\":{\"@type\":\"ImageObject\",\"inLanguage\":\"es\",\"@id\":\"https:\/\/www.estiber.com\/blog\/#\/schema\/logo\/image\/\",\"url\":\"https:\/\/www.estiber.com\/blog\/wp-content\/uploads\/2017\/05\/estiber-ofertas-esqui-2.jpg\",\"contentUrl\":\"https:\/\/www.estiber.com\/blog\/wp-content\/uploads\/2017\/05\/estiber-ofertas-esqui-2.jpg\",\"width\":800,\"height\":800,\"caption\":\"Viajes Estiber\"},\"image\":{\"@id\":\"https:\/\/www.estiber.com\/blog\/#\/schema\/logo\/image\/\"},\"sameAs\":[\"https:\/\/www.facebook.com\/estiberviajes\",\"https:\/\/x.com\/estiberviajes\",\"https:\/\/www.instagram.com\/estiberviajes\/\",\"https:\/\/www.pinterest.com\/estiberviajes\/\"]}]}<\/script>\n<!-- \/ Yoast SEO plugin. -->","yoast_head_json":{"title":"Oblida't de les cues: A\u00a0Estiber\u00a0portem el forfet al teu allotjament","description":"Per a ajudar-te a espr\u00e9mer al m\u00e0xim el teu viatge a la neu, a Estiber oferim un servei gratu\u00eft de lliurament del forfet al teu allotjament. Texpliquem tots els detalls!","robots":{"index":"noindex","follow":"follow"},"og_locale":"es_ES","og_type":"article","og_title":"Oblida't de les cues: A\u00a0Estiber\u00a0portem el forfet al teu allotjament","og_description":"Per a ajudar-te a espr\u00e9mer al m\u00e0xim el teu viatge a la neu, a Estiber oferim un servei gratu\u00eft de lliurament del forfet al teu allotjament. Texpliquem tots els detalls!","og_url":"https:\/\/www.estiber.com\/blog\/lliurament-forfet-estiber\/","og_site_name":"Blog Estiber","article_publisher":"https:\/\/www.facebook.com\/estiberviajes","article_modified_time":"2025-07-14T13:25:28+00:00","og_image":[{"width":750,"height":500,"url":"https:\/\/www.estiber.com\/blog\/wp-content\/uploads\/2022\/01\/reparto-forfaits-estiber.jpg","type":"image\/jpeg"}],"twitter_card":"summary_large_image","twitter_site":"@estiberviajes","twitter_misc":{"Tiempo de lectura":"7 minutos"},"schema":{"@context":"https:\/\/schema.org","@graph":[{"@type":"WebPage","@id":"https:\/\/www.estiber.com\/blog\/lliurament-forfet-estiber\/","url":"https:\/\/www.estiber.com\/blog\/lliurament-forfet-estiber\/","name":"Oblida't de les cues: A\u00a0Estiber\u00a0portem el forfet al teu allotjament","isPartOf":{"@id":"https:\/\/www.estiber.com\/blog\/#website"},"primaryImageOfPage":{"@id":"https:\/\/www.estiber.com\/blog\/lliurament-forfet-estiber\/#primaryimage"},"image":{"@id":"https:\/\/www.estiber.com\/blog\/lliurament-forfet-estiber\/#primaryimage"},"thumbnailUrl":"https:\/\/www.estiber.com\/blog\/wp-content\/uploads\/2022\/01\/reparto-forfaits-estiber.jpg","datePublished":"2022-01-05T10:12:44+00:00","dateModified":"2025-07-14T13:25:28+00:00","description":"Per a ajudar-te a espr\u00e9mer al m\u00e0xim el teu viatge a la neu, a Estiber oferim un servei gratu\u00eft de lliurament del forfet al teu allotjament. Texpliquem tots els detalls!","breadcrumb":{"@id":"https:\/\/www.estiber.com\/blog\/lliurament-forfet-estiber\/#breadcrumb"},"inLanguage":"es","potentialAction":[{"@type":"ReadAction","target":["https:\/\/www.estiber.com\/blog\/lliurament-forfet-estiber\/"]}]},{"@type":"ImageObject","inLanguage":"es","@id":"https:\/\/www.estiber.com\/blog\/lliurament-forfet-estiber\/#primaryimage","url":"https:\/\/www.estiber.com\/blog\/wp-content\/uploads\/2022\/01\/reparto-forfaits-estiber.jpg","contentUrl":"https:\/\/www.estiber.com\/blog\/wp-content\/uploads\/2022\/01\/reparto-forfaits-estiber.jpg","width":750,"height":500},{"@type":"BreadcrumbList","@id":"https:\/\/www.estiber.com\/blog\/lliurament-forfet-estiber\/#breadcrumb","itemListElement":[{"@type":"ListItem","position":1,"name":"Portada","item":"https:\/\/www.estiber.com\/blog\/"},{"@type":"ListItem","position":2,"name":"Oblida&#8217;t de les cues: A\u00a0Estiber\u00a0portem el forfet al teu allotjament"}]},{"@type":"WebSite","@id":"https:\/\/www.estiber.com\/blog\/#website","url":"https:\/\/www.estiber.com\/blog\/","name":"Blog Estiber","description":"","publisher":{"@id":"https:\/\/www.estiber.com\/blog\/#organization"},"potentialAction":[{"@type":"SearchAction","target":{"@type":"EntryPoint","urlTemplate":"https:\/\/www.estiber.com\/blog\/?s={search_term_string}"},"query-input":{"@type":"PropertyValueSpecification","valueRequired":true,"valueName":"search_term_string"}}],"inLanguage":"es"},{"@type":"Organization","@id":"https:\/\/www.estiber.com\/blog\/#organization","name":"Viajes Estiber","url":"https:\/\/www.estiber.com\/blog\/","logo":{"@type":"ImageObject","inLanguage":"es","@id":"https:\/\/www.estiber.com\/blog\/#\/schema\/logo\/image\/","url":"https:\/\/www.estiber.com\/blog\/wp-content\/uploads\/2017\/05\/estiber-ofertas-esqui-2.jpg","contentUrl":"https:\/\/www.estiber.com\/blog\/wp-content\/uploads\/2017\/05\/estiber-ofertas-esqui-2.jpg","width":800,"height":800,"caption":"Viajes Estiber"},"image":{"@id":"https:\/\/www.estiber.com\/blog\/#\/schema\/logo\/image\/"},"sameAs":["https:\/\/www.facebook.com\/estiberviajes","https:\/\/x.com\/estiberviajes","https:\/\/www.instagram.com\/estiberviajes\/","https:\/\/www.pinterest.com\/estiberviajes\/"]}]}},"_links":{"self":[{"href":"https:\/\/www.estiber.com\/blog\/wp-json\/wp\/v2\/pages\/5501","targetHints":{"allow":["GET"]}}],"collection":[{"href":"https:\/\/www.estiber.com\/blog\/wp-json\/wp\/v2\/pages"}],"about":[{"href":"https:\/\/www.estiber.com\/blog\/wp-json\/wp\/v2\/types\/page"}],"author":[{"embeddable":true,"href":"https:\/\/www.estiber.com\/blog\/wp-json\/wp\/v2\/users\/1"}],"replies":[{"embeddable":true,"href":"https:\/\/www.estiber.com\/blog\/wp-json\/wp\/v2\/comments?post=5501"}],"version-history":[{"count":3,"href":"https:\/\/www.estiber.com\/blog\/wp-json\/wp\/v2\/pages\/5501\/revisions"}],"predecessor-version":[{"id":8238,"href":"https:\/\/www.estiber.com\/blog\/wp-json\/wp\/v2\/pages\/5501\/revisions\/8238"}],"wp:featuredmedia":[{"embeddable":true,"href":"https:\/\/www.estiber.com\/blog\/wp-json\/wp\/v2\/media\/5493"}],"wp:attachment":[{"href":"https:\/\/www.estiber.com\/blog\/wp-json\/wp\/v2\/media?parent=5501"}],"curies":[{"name":"wp","href":"https:\/\/api.w.org\/{rel}","templated":true}]}}